{"id":2214,"date":"2021-09-23T12:11:30","date_gmt":"2021-09-23T12:11:30","guid":{"rendered":"https:\/\/pp.itu.int\/participation\/informations-pratiques\/"},"modified":"2022-08-22T15:22:34","modified_gmt":"2022-08-22T15:22:34","slug":"practical-info","status":"publish","type":"page","link":"https:\/\/pp.itu.int\/2022\/fr\/participation\/practical-info\/","title":{"rendered":"Informations pratiques"},"content":{"rendered":"    <section>\n        <div class=\"ituContainer grid\">\n                                                        \n        <a class=\"ituCard anim\" data-span=\"3\" href=\"https:\/\/pp.itu.int\/fr\/venue\/\" target='_self'>\n                    <div class=\"content center\">\n                <div class=\"main\">\n                    <img decoding=\"async\" src=\"https:\/\/pp.itu.int\/wp-content\/uploads\/sites\/2\/2022\/07\/venue-and-facilities.svg\" class=\"icon\" alt=\"icon\" \/>\n                                            <p class=\"title\">Site <\/p>\n                                                            <p><\/p>\n                                    <\/div>\n            <\/div>\n                    <\/a>\n    \n                                                        \n        <a class=\"ituCard anim\" data-span=\"3\" href=\"https:\/\/pp.itu.int\/fr\/social-events\/\" target='_self'>\n                    <div class=\"content center\">\n                <div class=\"main\">\n                    <img decoding=\"async\" src=\"https:\/\/pp.itu.int\/wp-content\/uploads\/sites\/2\/2022\/07\/about-conference.svg\" class=\"icon\" alt=\"icon\" \/>\n                                            <p class=\"title\">R\u00e9ceptions<\/p>\n                                                            <p><\/p>\n                                    <\/div>\n            <\/div>\n                    <\/a>\n    \n                                                        \n        <a class=\"ituCard anim\" data-span=\"3\" href=\"https:\/\/pp.itu.int\/fr\/protocol-services\/\" target='_self'>\n                    <div class=\"content center\">\n                <div class=\"main\">\n                    <img decoding=\"async\" src=\"https:\/\/pp.itu.int\/wp-content\/uploads\/sites\/2\/2022\/07\/protocol-services.svg\" class=\"icon\" alt=\"icon\" \/>\n                                            <p class=\"title\">Services du protocole <\/p>\n                                                            <p><\/p>\n                                    <\/div>\n            <\/div>\n                    <\/a>\n    \n                                                        \n        <a class=\"ituCard anim\" data-span=\"3\" href=\"https:\/\/pp.itu.int\/fr\/safety-and-security\/\" target='_self'>\n                    <div class=\"content center\">\n                <div class=\"main\">\n                    <img decoding=\"async\" src=\"https:\/\/pp.itu.int\/wp-content\/uploads\/sites\/2\/2022\/07\/security.svg\" class=\"icon\" alt=\"icon\" \/>\n                                            <p class=\"title\">S\u00fbret\u00e9 et s\u00e9curit\u00e9<\/p>\n                                                            <p><\/p>\n                                    <\/div>\n            <\/div>\n                    <\/a>\n    \n                                                        \n        <a class=\"ituCard anim\" data-span=\"3\" href=\"https:\/\/pp.itu.int\/fr\/services-and-facilities\/\" target='_self'>\n                    <div class=\"content center\">\n                <div class=\"main\">\n                    <img decoding=\"async\" src=\"https:\/\/pp.itu.int\/wp-content\/uploads\/sites\/2\/2022\/07\/Service-and-facilites.svg\" class=\"icon\" alt=\"icon\" \/>\n                                            <p class=\"title\">Services et installations<\/p>\n                                                            <p><\/p>\n                                    <\/div>\n            <\/div>\n                    <\/a>\n    \n                                                        \n        <a class=\"ituCard anim\" data-span=\"3\" href=\"https:\/\/pp.itu.int\/fr\/remote-participation\/\" target='_self'>\n                    <div class=\"content center\">\n                <div class=\"main\">\n                    <img decoding=\"async\" src=\"https:\/\/pp.itu.int\/wp-content\/uploads\/sites\/2\/2022\/07\/remote-participation.svg\" class=\"icon\" alt=\"icon\" \/>\n                                            <p class=\"title\">Participation \u00e0 distance<\/p>\n                                                            <p><\/p>\n                                    <\/div>\n            <\/div>\n                    <\/a>\n    \n                                                        \n        <a class=\"ituCard anim\" data-span=\"3\" href=\"https:\/\/pp.itu.int\/fr\/it-facilities\/\" target='_self'>\n                    <div class=\"content center\">\n                <div class=\"main\">\n                    <img decoding=\"async\" src=\"https:\/\/pp.itu.int\/wp-content\/uploads\/sites\/2\/2022\/07\/IT-facilities.svg\" class=\"icon\" alt=\"icon\" \/>\n                                            <p class=\"title\">Installations informatiques<\/p>\n                                                            <p><\/p>\n                                    <\/div>\n            <\/div>\n                    <\/a>\n    \n                                                        \n        <a class=\"ituCard anim\" data-span=\"3\" href=\"https:\/\/pp.itu.int\/fr\/side-events\/\" target='_self'>\n                    <div class=\"content center\">\n                <div class=\"main\">\n                    <img decoding=\"async\" src=\"https:\/\/pp.itu.int\/wp-content\/uploads\/sites\/2\/2022\/07\/side-event.svg\" class=\"icon\" alt=\"icon\" \/>\n                                            <p class=\"title\">Manifestations parall\u00e8les<\/p>\n                                                            <p><\/p>\n                                    <\/div>\n            <\/div>\n                    <\/a>\n    \n                    <\/div>\n    <\/section>\n\n\n    <section>\n        <div class=\"ituContainer grid\">\n                    <\/div>\n    <\/section>\n\n\n    <section>\n        <div class=\"ituContainer grid\">\n                    <\/div>\n    <\/section>\n\n\n<div class=\"ituContainer\">\n<p class=\"wp-block-paragraph\"><\/p>\n<\/div>\n\n<div class=\"ituContainer\">\n<p class=\"wp-block-paragraph\"><\/p>\n<\/div>","protected":false},"excerpt":{"rendered":"","protected":false},"author":5,"featured_media":0,"parent":1849,"menu_order":1,"comment_status":"closed","ping_status":"closed","template":"obsolete-templates\/page-submenu.php","meta":{"_crdt_document":"","footnotes":""},"class_list":["post-2214","page","type-page","status-publish","hentry"],"_links":{"self":[{"href":"https:\/\/pp.itu.int\/2022\/fr\/wp-json\/wp\/v2\/pages\/2214","targetHints":{"allow":["GET"]}}],"collection":[{"href":"https:\/\/pp.itu.int\/2022\/fr\/wp-json\/wp\/v2\/pages"}],"about":[{"href":"https:\/\/pp.itu.int\/2022\/fr\/wp-json\/wp\/v2\/types\/page"}],"author":[{"embeddable":true,"href":"https:\/\/pp.itu.int\/2022\/fr\/wp-json\/wp\/v2\/users\/5"}],"replies":[{"embeddable":true,"href":"https:\/\/pp.itu.int\/2022\/fr\/wp-json\/wp\/v2\/comments?post=2214"}],"version-history":[{"count":0,"href":"https:\/\/pp.itu.int\/2022\/fr\/wp-json\/wp\/v2\/pages\/2214\/revisions"}],"up":[{"embeddable":true,"href":"https:\/\/pp.itu.int\/2022\/fr\/wp-json\/wp\/v2\/pages\/1849"}],"wp:attachment":[{"href":"https:\/\/pp.itu.int\/2022\/fr\/wp-json\/wp\/v2\/media?parent=2214"}],"curies":[{"name":"wp","href":"https:\/\/api.w.org\/{rel}","templated":true}]}}