{"id":20286,"date":"2022-10-05T20:52:27","date_gmt":"2022-10-05T20:52:27","guid":{"rendered":"https:\/\/pp.itu.int\/chairman-2\/"},"modified":"2022-10-05T21:19:11","modified_gmt":"2022-10-05T21:19:11","slug":"chairman","status":"publish","type":"page","link":"https:\/\/pp.itu.int\/2022\/fr\/about\/chairman\/","title":{"rendered":"Mr Sabin S\u0102RMA\u0218, PP-22 Chairman"},"content":{"rendered":"    <div class=\"ituContainer grid\">\n                        <div data-span=\"9\">\n                    <div class=\"ituContainer\">\n<h2 class=\"wp-block-heading\">Pr\u00e9sident de la PP-22<\/h2>\n<\/div>                    <div class=\"ituContainer\">\n<p class=\"wp-block-paragraph\">M.&nbsp;Sabin&nbsp;S\u0102RMA\u0218 a \u00e9t\u00e9 d\u00e9sign\u00e9 Pr\u00e9sident de la PP-22 par le Gouvernement de la Roumanie en juillet&nbsp;2021.<\/p>\n<\/div>                    <div class=\"ituContainer\">\n<p class=\"wp-block-paragraph\">Tout au long de sa carri\u00e8re, M.&nbsp;S\u0103rma\u0219 a travaill\u00e9 dans des organisations publiques et priv\u00e9es, qui \u00e9taient toutes li\u00e9es au secteur du num\u00e9rique et \u00e0 la gouvernance de la soci\u00e9t\u00e9 de l&rsquo;information et du savoir. Il exerce actuellement un mandat de d\u00e9put\u00e9 au Parlement roumain et est Pr\u00e9sident de la Commission des TIC de la Chambre des d\u00e9put\u00e9s de la Roumanie.<\/p>\n<\/div>                    <div class=\"ituContainer\">\n<p class=\"wp-block-paragraph\">Avant cela, il a \u00e9t\u00e9 Pr\u00e9sident de l&rsquo;Autorit\u00e9 du passage au num\u00e9rique de la Roumanie entre 2019 et&nbsp;2021 et, \u00e0 ce titre, \u00e9tait charg\u00e9 de la coordination et de la mise en \u0153uvre des politiques, des strat\u00e9gies et des projets nationaux dans le domaine des technologies de l&rsquo;information, des communications et du passage au num\u00e9rique dans les services publics. \u00c0 ce poste, M.&nbsp;S\u0103rma\u0219 a repr\u00e9sent\u00e9 le Gouvernement roumain au niveau international, notamment lors d&rsquo;\u00e9v\u00e8nements importants comme la Table ronde de haut niveau du SMSI, qui s&rsquo;est tenue en 2020.<\/p>\n<\/div>                    <div class=\"ituContainer\">\n<p class=\"wp-block-paragraph\">Il a aussi men\u00e9 des activit\u00e9s intersectorielles dans le secteur priv\u00e9, en tant qu&rsquo;ing\u00e9nieur logiciel et responsable du d\u00e9veloppement au sein de plusieurs soci\u00e9t\u00e9s bas\u00e9es dans la ville de Cluj-Napoca, connue pour avoir toujours accueilli de nombreuses start-up et entreprises informatiques innovantes. M.&nbsp;S\u0103rma\u0219 a ainsi une vision multi-partie prenante des d\u00e9fis associ\u00e9s au secteur et de la mani\u00e8re de les relever, ce qui lui a permis d&rsquo;acqu\u00e9rir la r\u00e9putation d&rsquo;expert visionnaire et porteur de changement.<\/p>\n<\/div>                    <div class=\"ituContainer\">\n<p class=\"wp-block-paragraph\">M.&nbsp;Sabin&nbsp;S\u0103rma\u0219 est titulaire d&rsquo;un dipl\u00f4me d&rsquo;ing\u00e9nieur obtenu \u00e0 la Facult\u00e9 des t\u00e9l\u00e9communications de l&rsquo;Universit\u00e9 technique de Cluj-Napoca, et a men\u00e9, dans le cadre de son doctorat, des recherches \u00e0 l&rsquo;Universit\u00e9 Vrije de Bruxelles ainsi qu&rsquo;\u00e0 l&rsquo;Universit\u00e9 technique de Cluj\u2011Napoca.<\/p>\n<\/div>            <\/div>\n                        <div data-span=\"3\">\n                    <div class=\"ituContainer\">\n<p class=\"wp-block-paragraph\"><\/p>\n<\/div>                    <div class=\"wp-block-image\"><div class=\"ituContainer\">\n<figure class=\"alignleft size-full\"><img loading=\"lazy\" decoding=\"async\" width=\"300\" height=\"400\" src=\"https:\/\/pp.itu.int\/wp-content\/uploads\/sites\/2\/2022\/10\/Sabin-Sarmas-pp22-chairman-1.jpg\" alt=\"Sabin-Sarmas-pp22-chairman-1\" class=\"wp-image-20231\" srcset=\"https:\/\/pp.itu.int\/2022\/wp-content\/uploads\/sites\/2\/2022\/10\/Sabin-Sarmas-pp22-chairman-1.jpg 300w, https:\/\/pp.itu.int\/2022\/wp-content\/uploads\/sites\/2\/2022\/10\/Sabin-Sarmas-pp22-chairman-1-225x300.jpg 225w\" sizes=\"auto, (max-width: 300px) 100vw, 300px\" \/><\/figure>\n<\/div><\/div>            <\/div>\n            <\/div>\n","protected":false},"excerpt":{"rendered":"","protected":false},"author":12,"featured_media":0,"parent":671,"menu_order":0,"comment_status":"closed","ping_status":"closed","template":"obsolete-templates\/page-submenu.php","meta":{"_crdt_document":"","footnotes":""},"class_list":["post-20286","page","type-page","status-publish","hentry"],"_links":{"self":[{"href":"https:\/\/pp.itu.int\/2022\/fr\/wp-json\/wp\/v2\/pages\/20286","targetHints":{"allow":["GET"]}}],"collection":[{"href":"https:\/\/pp.itu.int\/2022\/fr\/wp-json\/wp\/v2\/pages"}],"about":[{"href":"https:\/\/pp.itu.int\/2022\/fr\/wp-json\/wp\/v2\/types\/page"}],"author":[{"embeddable":true,"href":"https:\/\/pp.itu.int\/2022\/fr\/wp-json\/wp\/v2\/users\/12"}],"replies":[{"embeddable":true,"href":"https:\/\/pp.itu.int\/2022\/fr\/wp-json\/wp\/v2\/comments?post=20286"}],"version-history":[{"count":0,"href":"https:\/\/pp.itu.int\/2022\/fr\/wp-json\/wp\/v2\/pages\/20286\/revisions"}],"up":[{"embeddable":true,"href":"https:\/\/pp.itu.int\/2022\/fr\/wp-json\/wp\/v2\/pages\/671"}],"wp:attachment":[{"href":"https:\/\/pp.itu.int\/2022\/fr\/wp-json\/wp\/v2\/media?parent=20286"}],"curies":[{"name":"wp","href":"https:\/\/api.w.org\/{rel}","templated":true}]}}