{"id":1865,"date":"2021-09-23T08:14:44","date_gmt":"2021-09-23T08:14:44","guid":{"rendered":"https:\/\/pp.itu.int\/participation\/invitations\/"},"modified":"2022-09-19T13:19:12","modified_gmt":"2022-09-19T13:19:12","slug":"invitations","status":"publish","type":"page","link":"https:\/\/pp.itu.int\/2022\/fr\/participation\/invitations\/","title":{"rendered":"Invitations"},"content":{"rendered":"    <div class=\"ituContainer grid\">\n        <div data-span=\"12\">\n                            <div class=\"ituContainer\">\n<p class=\"wp-block-paragraph\">Des invitations ont \u00e9t\u00e9 envoy\u00e9es aux entit\u00e9s autoris\u00e9es \u00e0 participer suivantes (voir l&rsquo;article 23 de la Convention de l&rsquo;UIT):<\/p>\n<\/div>                            <div class=\"ituContainer\">\n<ul class=\"wp-block-list\"><li>\u00c9tats Membres [num\u00e9ro 268 de la Convention] [CV\/268]<ul><li><a href=\"https:\/\/www.itu.int\/md\/S21-SG-CIR-0040\/en\" target=\"_blank\" rel=\"noreferrer noopener\">CL-21\/40<\/a>: Invitation au nom du Gouvernement de la Roumanie<\/li><li><a href=\"https:\/\/www.itu.int\/md\/S21-SG-CIR-0041\/en\" target=\"_blank\" rel=\"noreferrer noopener\">CL-21\/41<\/a>: Invitation du Secr\u00e9taire g\u00e9n\u00e9ral de l&rsquo;UIT<\/li><\/ul><\/li><li>\u00c9tat de Palestine [R\u00e9solution 99 (R\u00e9v. Duba\u00ef, 2018)]<\/li><li>Observateurs qui participent \u00e0 titre consultatif (Annexe 2 de la R\u00e9solution 145 (Antalya, 2006)):<ul><li>Organisation des Nations Unies [num\u00e9ro 269A de la Convention] [CV\/269A]<\/li><li>Organisations r\u00e9gionales de t\u00e9l\u00e9communication [num\u00e9ro 269B de la Convention] [CV\/269B]<\/li><li>Organisations intergouvernementales exploitant des syst\u00e8mes \u00e0 satellites [num\u00e9ro 269C de la Convention] [CV\/269C]<\/li><li>Institutions sp\u00e9cialis\u00e9es des Nations Unies et Agence internationale de l&rsquo;\u00e9nergie atomique [num\u00e9ro 269D de la Convention] [CV\/269D]<\/li><li><a href=\"https:\/\/www.itu.int\/md\/S21-DM-CIR-01021\/en\" target=\"_blank\" rel=\"noreferrer noopener\">DM-21\/1021<\/a>: Invitation du Secr\u00e9taire g\u00e9n\u00e9ral de l&rsquo;UIT<\/li><\/ul><\/li><li>Observateurs qui ne participent pas \u00e0 titre consultatif (Annexe 3 de la R\u00e9solution 145 (Antalya, 2006)):<ul><li>Membres de Secteur selon le num\u00e9ro 229 de la Convention (exploitations reconnues, organismes scientifiques ou industriels et organismes de financement ou de d\u00e9veloppement) et selon le num\u00e9ro 231 de la Convention (organisations r\u00e9gionales et autres organisations internationales de t\u00e9l\u00e9communication, de normalisation, de financement ou de d\u00e9veloppement)<\/li><li><a href=\"https:\/\/www.itu.int\/md\/S21-DM-CIR-01021\/en\" target=\"_blank\" rel=\"noreferrer noopener\">DM-21\/1022<\/a>: Invitation du Secr\u00e9taire g\u00e9n\u00e9ral de l&rsquo;UIT<\/li><\/ul><\/li><\/ul>\n<\/div>                            <div class=\"ituContainer\">\n<p class=\"wp-block-paragraph\">Vous trouverez des informations compl\u00e9mentaires sur les questions d&rsquo;organisation dans les Lettres <a href=\"https:\/\/www.itu.int\/md\/S22-SG-CIR-0029\/fr\" target=\"_blank\" rel=\"noopener\">CL-22\/29<\/a> et <a href=\"https:\/\/www.itu.int\/md\/S22-DM-CIR-01008\/fr\" target=\"_blank\" rel=\"noopener\">DM-22\/1008<\/a>.<\/p>\n<\/div>                    <\/div>\n    <\/div>\n","protected":false},"excerpt":{"rendered":"","protected":false},"author":5,"featured_media":0,"parent":1849,"menu_order":2,"comment_status":"closed","ping_status":"closed","template":"obsolete-templates\/page-submenu.php","meta":{"_crdt_document":"","footnotes":""},"class_list":["post-1865","page","type-page","status-publish","hentry"],"_links":{"self":[{"href":"https:\/\/pp.itu.int\/2022\/fr\/wp-json\/wp\/v2\/pages\/1865","targetHints":{"allow":["GET"]}}],"collection":[{"href":"https:\/\/pp.itu.int\/2022\/fr\/wp-json\/wp\/v2\/pages"}],"about":[{"href":"https:\/\/pp.itu.int\/2022\/fr\/wp-json\/wp\/v2\/types\/page"}],"author":[{"embeddable":true,"href":"https:\/\/pp.itu.int\/2022\/fr\/wp-json\/wp\/v2\/users\/5"}],"replies":[{"embeddable":true,"href":"https:\/\/pp.itu.int\/2022\/fr\/wp-json\/wp\/v2\/comments?post=1865"}],"version-history":[{"count":0,"href":"https:\/\/pp.itu.int\/2022\/fr\/wp-json\/wp\/v2\/pages\/1865\/revisions"}],"up":[{"embeddable":true,"href":"https:\/\/pp.itu.int\/2022\/fr\/wp-json\/wp\/v2\/pages\/1849"}],"wp:attachment":[{"href":"https:\/\/pp.itu.int\/2022\/fr\/wp-json\/wp\/v2\/media?parent=1865"}],"curies":[{"name":"wp","href":"https:\/\/api.w.org\/{rel}","templated":true}]}}