{"id":20288,"date":"2022-10-05T20:52:27","date_gmt":"2022-10-05T20:52:27","guid":{"rendered":"https:\/\/pp.itu.int\/chairman\/"},"modified":"2022-10-05T21:18:54","modified_gmt":"2022-10-05T21:18:54","slug":"chairman","status":"publish","type":"page","link":"https:\/\/pp.itu.int\/2022\/es\/about\/chairman\/","title":{"rendered":"Mr Sabin S\u0102RMA\u0218, PP-22 Chairman"},"content":{"rendered":"    <div class=\"ituContainer grid\">\n                        <div data-span=\"9\">\n                    <div class=\"ituContainer\">\n<h2 class=\"wp-block-heading\">Presidente de la PP-22<\/h2>\n<\/div>                    <div class=\"ituContainer\">\n<p class=\"wp-block-paragraph\">El Sr. Sabin S\u0102RMA\u0218 fue nombrado Presidente de la PP-22 por el Gobierno de Rumania en julio de&nbsp;2021.<\/p>\n<\/div>                    <div class=\"ituContainer\">\n<p class=\"wp-block-paragraph\">A lo largo de su trayectoria profesional, el Sr. S\u0103rma\u0219 ha colaborado con organizaciones p\u00fablicas y privadas, siempre en el \u00e1mbito del sector digital y la gobernanza de la sociedad de la informaci\u00f3n y del conocimiento. Actualmente, es miembro del Parlamento de Rumania y compagina este cargo con la Presidencia del Comit\u00e9 de TIC en la C\u00e1mara de Diputados de Rumania.<\/p>\n<\/div>                    <div class=\"ituContainer\">\n<p class=\"wp-block-paragraph\">Antes de asumir estos compromisos, ejerci\u00f3 como Presidente del Organismo Nacional de Digitalizaci\u00f3n entre 2019 y 2021, tiempo durante el cual fue responsable de coordinar y aplicar las pol\u00edticas, estrategias y proyectos nacionales relacionados con la tecnolog\u00eda de la informaci\u00f3n, las comunicaciones y la digitalizaci\u00f3n de los servicios p\u00fablicos y actu\u00f3 como representante internacional del Gobierno de Rumania en importantes eventos, como la mesa redonda de alto nivel de la Cumbre Mundial sobre la Sociedad de la Informaci\u00f3n (CMSI) de 2020.<\/p>\n<\/div>                    <div class=\"ituContainer\">\n<p class=\"wp-block-paragraph\">En el desempe\u00f1o de sus actividades intersectoriales, tambi\u00e9n tuvo relaci\u00f3n con el sector privado en cuanto ingeniero de <em>software<\/em> y desarrollador de negocios para diferentes empresas ubicadas en la ciudad de Cluj Napoca, que ha actuado tradicionalmente como centro de empresas emergentes innovadoras y empresas de tecnolog\u00edas de la informaci\u00f3n de Rumania. Por lo tanto, el Sr. S\u0103rma\u0219 ha reconocido y gestionado los desaf\u00edos del sector desde la perspectiva de las m\u00faltiples partes interesadas, y se ha convertido en un experto visionario y transformador.<\/p>\n<\/div>                    <div class=\"ituContainer\">\n<p class=\"wp-block-paragraph\">El Sr. Sabin S\u0103rma\u0219 se diplom\u00f3 como Ingeniero en la Facultad de Telecomunicaciones de la Universidad T\u00e9cnica de Cluj-Napoca, tras lo que disfrut\u00f3 de becas acad\u00e9micas en la Universidad Vrije de Bruselas y en la Universidad T\u00e9cnica de Cluj-Napoca (como Doctor).<\/p>\n<\/div>            <\/div>\n                        <div data-span=\"3\">\n                    <div class=\"ituContainer\">\n<p class=\"wp-block-paragraph\"><\/p>\n<\/div>                    <div class=\"wp-block-image\"><div class=\"ituContainer\">\n<figure class=\"alignleft size-full\"><img loading=\"lazy\" decoding=\"async\" width=\"300\" height=\"400\" src=\"https:\/\/pp.itu.int\/wp-content\/uploads\/sites\/2\/2022\/10\/Sabin-Sarmas-pp22-chairman-1.jpg\" alt=\"Sabin-Sarmas-pp22-chairman-1\" class=\"wp-image-20233\" srcset=\"https:\/\/pp.itu.int\/2022\/wp-content\/uploads\/sites\/2\/2022\/10\/Sabin-Sarmas-pp22-chairman-1.jpg 300w, https:\/\/pp.itu.int\/2022\/wp-content\/uploads\/sites\/2\/2022\/10\/Sabin-Sarmas-pp22-chairman-1-225x300.jpg 225w\" sizes=\"auto, (max-width: 300px) 100vw, 300px\" \/><\/figure>\n<\/div><\/div>            <\/div>\n            <\/div>\n","protected":false},"excerpt":{"rendered":"","protected":false},"author":12,"featured_media":0,"parent":1542,"menu_order":0,"comment_status":"closed","ping_status":"closed","template":"obsolete-templates\/page-submenu.php","meta":{"_crdt_document":"","footnotes":""},"class_list":["post-20288","page","type-page","status-publish","hentry"],"_links":{"self":[{"href":"https:\/\/pp.itu.int\/2022\/es\/wp-json\/wp\/v2\/pages\/20288","targetHints":{"allow":["GET"]}}],"collection":[{"href":"https:\/\/pp.itu.int\/2022\/es\/wp-json\/wp\/v2\/pages"}],"about":[{"href":"https:\/\/pp.itu.int\/2022\/es\/wp-json\/wp\/v2\/types\/page"}],"author":[{"embeddable":true,"href":"https:\/\/pp.itu.int\/2022\/es\/wp-json\/wp\/v2\/users\/12"}],"replies":[{"embeddable":true,"href":"https:\/\/pp.itu.int\/2022\/es\/wp-json\/wp\/v2\/comments?post=20288"}],"version-history":[{"count":0,"href":"https:\/\/pp.itu.int\/2022\/es\/wp-json\/wp\/v2\/pages\/20288\/revisions"}],"up":[{"embeddable":true,"href":"https:\/\/pp.itu.int\/2022\/es\/wp-json\/wp\/v2\/pages\/1542"}],"wp:attachment":[{"href":"https:\/\/pp.itu.int\/2022\/es\/wp-json\/wp\/v2\/media?parent=20288"}],"curies":[{"name":"wp","href":"https:\/\/api.w.org\/{rel}","templated":true}]}}