{"id":1529,"date":"2022-03-09T10:21:15","date_gmt":"2022-03-09T10:21:15","guid":{"rendered":"https:\/\/pp.itu.int\/contacte-con-el-equipo-de-la-pp-22\/"},"modified":"2022-07-14T05:27:53","modified_gmt":"2022-07-14T05:27:53","slug":"contact-us","status":"publish","type":"page","link":"https:\/\/pp.itu.int\/2022\/es\/about\/contact-us\/","title":{"rendered":"Contacte con el equipo de la PP-22"},"content":{"rendered":"<div class=\"ituContainer\">\n<p class=\"wp-block-paragraph\"><\/p>\n<\/div><div class=\"ituContainer\">\n<figure class=\"wp-block-table\"><table><tbody><tr><td><strong>Orden del d\u00eda, contenido<\/strong>y <strong>calendariode coordinaci\u00f3n de trabajos y horarios<\/strong> <\/td><td>Sra. B\u00e9atrice Pluchon <br\/><br\/>Sra. Elizabeth Aschenbrener <br\/><a rel=\"noreferrer noopener\" href=\"mailto:ppcontributions@itu.int\" target=\"_blank\">ppcontributions@itu.int<\/a> <\/td><\/tr><tr><td><strong>Invitations and Admission<\/strong> <strong><\/strong> <\/td><td>Sra. B\u00e9atrice Pluchon <br\/><br\/>Sra. Elizabeth Aschenbrener <br\/><a rel=\"noreferrer noopener\" href=\"mailto:sg-registration@itu.int\" target=\"_blank\">sg-registration@itu.int<\/a> <\/td><\/tr><tr><td><strong>Inscripci\u00f3n de participantes<\/strong> <\/td><td>Secretar\u00eda de inscripci\u00f3n en la PP-22 <br\/><a rel=\"noreferrer noopener\" href=\"mailto:sg-registration@itu.int\" target=\"_blank\">sg-registration@itu.int<\/a> <\/td><\/tr><tr><td><strong>Credenciales<\/strong> <\/td><td>Secretar\u00eda de la Comisi\u00f3n 2 de la PP-22 <br\/><a href=\"mailto:credentials@itu.int\" target=\"_blank\" rel=\"noreferrer noopener\" data-type=\"mailto\" data-id=\"mailto:credentials@itu.int\">credentials@itu.int<\/a> <\/td><\/tr><tr><td><strong>Elecciones<\/strong> <\/td><td>Sra. Elizabeth Aschenbrener <br\/><a href=\"mailto:ppelections@itu.int\" target=\"_blank\" rel=\"noreferrer noopener\">ppelections@itu.int<\/a> <\/td><\/tr><tr><td><strong>Acreditaci\u00f3n<\/strong>\/<strong>inscripci\u00f3n<\/strong>de medios de comunicaci\u00f3n <\/td><td>Sra. Monika Gehner <br\/><a rel=\"noreferrer noopener\" href=\"mailto:pressinfo@itu.int\" target=\"_blank\">pressinfo@itu.int<\/a> <br\/><a rel=\"noreferrer noopener\" href=\"mailto:pressreg@itu.int\" target=\"_blank\">pressreg@itu.int<\/a> <\/td><\/tr><tr><td><strong>Organizaci\u00f3n y log\u00edstica<\/strong> <\/td><td>Sr. Xin Liu <br\/><a rel=\"noreferrer noopener\" href=\"mailto:conf-secretariat@itu.int\" target=\"_blank\">conf-secretariat@itu.int<\/a> <br\/><br\/>Sra. Isabelle Lucas <br\/><a rel=\"noreferrer noopener\" href=\"mailto:conf-logistics@itu.int\" target=\"_blank\">conf-logistics@itu.int<\/a> <\/td><\/tr><tr><td><strong>Reserva de salas de reuni\u00f3n<\/strong> <\/td><td>Sra. Isabelle Lucas <br\/><a href=\"mailto:conf-logistics@itu.int\" target=\"_blank\" rel=\"noreferrer noopener\">conf-logistics@itu.int<\/a> <\/td><\/tr><tr><td><strong>Documentaci\u00f3n<\/strong> <\/td><td>Secretar\u00eda de Control de Documentos de la PP-22<br\/><a rel=\"noreferrer noopener\" href=\"mailto:ppcontributions@itu.int\" target=\"_blank\">ppcontributions@itu.int<\/a> <\/td><\/tr><tr><td><strong>Declaraciones de pol\u00edtica<\/strong> <\/td><td>Sra. Elizabeth Aschenbrener <br\/><a href=\"mailto:ppstatements@itu.int\" target=\"_blank\" rel=\"noreferrer noopener\">ppstatements@itu.int<\/a> <\/td><\/tr><tr><td><strong>Protocolo<\/strong> <\/td><td>Sr. Mario Castro Grande <br\/><a href=\"mailto:protocol.service@itu.int\" target=\"_blank\" rel=\"noreferrer noopener\">protocol.service@itu.int<\/a> <\/td><\/tr><tr><td><strong>Seguridad y protecci\u00f3n<\/strong> <\/td><td>Sr. Drew Donovan <br\/><a href=\"mailto:security@itu.int\" target=\"_blank\" rel=\"noreferrer noopener\">security@itu.int<\/a> <\/td><\/tr><tr><td><strong>Infraestructura de TIC<\/strong> <\/td><td>Sr. Edmund Tam <br\/><a href=\"mailto:cts@itu.int\" target=\"_blank\" rel=\"noreferrer noopener\">cts@itu.int<\/a> <\/td><\/tr><tr><td><strong>Producci\u00f3n audiovisual<\/strong> <\/td><td>Sr. Maximillian Jacobson-Gonzalez <br\/><a href=\"mailto:pressinfo@itu.int\" target=\"_blank\" rel=\"noreferrer noopener\">pressinfo@itu.int<\/a> <\/td><\/tr><tr><td><strong>Sitio web<\/strong> <\/td><td>Sra. Rajani Vepa <br\/><a href=\"mailto:pressinfo@itu.int\" target=\"_blank\" rel=\"noreferrer noopener\">pressinfo@itu.int<\/a> <\/td><\/tr><tr><td><strong>Administrador de pantallas de informaci\u00f3n<\/strong> <\/td><td>Sr. Jes\u00fas Vicente <br\/><a href=\"mailto:pressinfo@itu.int\" target=\"_blank\" rel=\"noreferrer noopener\">pressinfo@itu.int<\/a> <\/td><\/tr><\/tbody><\/table><\/figure>\n<\/div>","protected":false},"excerpt":{"rendered":"<p>Orden del d\u00eda, contenidoy calendariode coordinaci\u00f3n de trabajos y horarios Sra. B\u00e9atrice Pluchon Sra. Elizabeth Aschenbrener ppcontributions@itu.int Invitations and Admission Sra. B\u00e9atrice Pluchon Sra. Elizabeth Aschenbrener sg-registration@itu.int Inscripci\u00f3n de participantes Secretar\u00eda de inscripci\u00f3n en la PP-22 sg-registration@itu.int Credenciales Secretar\u00eda de la Comisi\u00f3n 2 de la PP-22 credentials@itu.int Elecciones Sra. Elizabeth Aschenbrener ppelections@itu.int Acreditaci\u00f3n\/inscripci\u00f3nde medios de [&hellip;]<\/p>\n","protected":false},"author":5,"featured_media":0,"parent":1542,"menu_order":5,"comment_status":"closed","ping_status":"closed","template":"obsolete-templates\/page-submenu.php","meta":{"_crdt_document":"","footnotes":""},"class_list":["post-1529","page","type-page","status-publish","hentry"],"_links":{"self":[{"href":"https:\/\/pp.itu.int\/2022\/es\/wp-json\/wp\/v2\/pages\/1529","targetHints":{"allow":["GET"]}}],"collection":[{"href":"https:\/\/pp.itu.int\/2022\/es\/wp-json\/wp\/v2\/pages"}],"about":[{"href":"https:\/\/pp.itu.int\/2022\/es\/wp-json\/wp\/v2\/types\/page"}],"author":[{"embeddable":true,"href":"https:\/\/pp.itu.int\/2022\/es\/wp-json\/wp\/v2\/users\/5"}],"replies":[{"embeddable":true,"href":"https:\/\/pp.itu.int\/2022\/es\/wp-json\/wp\/v2\/comments?post=1529"}],"version-history":[{"count":0,"href":"https:\/\/pp.itu.int\/2022\/es\/wp-json\/wp\/v2\/pages\/1529\/revisions"}],"up":[{"embeddable":true,"href":"https:\/\/pp.itu.int\/2022\/es\/wp-json\/wp\/v2\/pages\/1542"}],"wp:attachment":[{"href":"https:\/\/pp.itu.int\/2022\/es\/wp-json\/wp\/v2\/media?parent=1529"}],"curies":[{"name":"wp","href":"https:\/\/api.w.org\/{rel}","templated":true}]}}